{"id":1051,"date":"2013-12-21T01:26:39","date_gmt":"2013-12-20T23:26:39","guid":{"rendered":"http:\/\/friesenhof-herrmann.de\/?page_id=1051"},"modified":"2025-08-04T22:26:22","modified_gmt":"2025-08-04T20:26:22","slug":"impressum","status":"publish","type":"page","link":"https:\/\/friesenhof-herrmann.de\/?page_id=1051","title":{"rendered":"Impressum"},"content":{"rendered":"<h3>Impressum<\/h3>\n<p>Sie befinden sich auf der Website des Friesenhofs Herrmann<\/p>\n<p>Inh.\u00a0Kathrin Herrmann<\/p>\n<p>Sorgauer Dorfstra\u00dfe 19<\/p>\n<p>09496 Marienberg OT Sorgau<\/p>\n<p>Telefon: 037363 &#8211; 18670<\/p>\n<p>E-Mail:\u00a0friesenhof-herrmann@t-online.de<\/p>\n<p>Konzept \/ Design \/ Programmierung<\/p>\n<p>Norbert Herrmann<\/p>\n<h5>Inhalt des Onlineangebotes<\/h5>\n<p>Der Autor \u00fcbernimmt keinerlei Gew\u00e4hr f\u00fcr die Aktualit\u00e4t, Korrektheit, Vollst\u00e4ndigkeit oder Qualit\u00e4t der bereitgestellten Informationen. Haftungsanspr\u00fcche gegen den Autor, welche sich auf Sch\u00e4den materieller oder ideeller Art beziehen, die durch die Nutzung oder Nichtnutzung der dargebotenen Informationen bzw. durch die Nutzung fehlerhafter und unvollst\u00e4ndiger Informationen verursacht wurden, sind grunds\u00e4tzlich ausgeschlossen.<\/p>\n<p>Bei medizinischen Fragen ist die Konsultation eines Tierarztes grunds\u00e4tzlich sinnvoll und empfehlenswert.<\/p>\n<p>Alle Angebote sind freibleibend und unverbindlich. Der Autor beh\u00e4lt es sich ausdr\u00fccklich vor, Teile der Seiten oder das gesamte Angebot ohne gesonderte Ank\u00fcndigung zu ver\u00e4ndern, zu erg\u00e4nzen, zu l\u00f6schen oder die Ver\u00f6ffentlichung zeitweise oder endg\u00fcltig einzustellen.<\/p>\n<h5>Urheber- und Kennzeichenrecht<\/h5>\n<p>Der Autor ist bestrebt, in allen Publikationen die Urheberrechte der verwendeten Grafiken, Tondokumente, Videosequenzen und Texte zu beachten, von ihm selbst erstellte Grafiken, Tondokumente, Videosequenzen und Texte zu nutzen oder auf lizenzfreie Grafiken, Tondokumente, Videosequenzen und Texte zur\u00fcckzugreifen.<\/p>\n<p>Alle innerhalb des Internetangebotes genannten und ggf. durch Dritte gesch\u00fctzten Marken- und Warenzeichen unterliegen uneingeschr\u00e4nkt den Bestimmungen des jeweils g\u00fcltigen Kennzeichenrechts und den Besitzrechten der jeweiligen eingetragenen Eigent\u00fcmer. Allein aufgrund der blo\u00dfen Nennung ist nicht der Schluss zu ziehen, dass Markenzeichen nicht durch Rechte Dritter gesch\u00fctzt sind!<\/p>\n<p>Das Copyright f\u00fcr ver\u00f6ffentlichte, vom Autor selbst erstellte Objekte bleibt allein beim Autor der Seiten. Eine Vervielf\u00e4ltigung oder Verwendung solcher Grafiken, Tondokumente, Videosequenzen und Texte in anderen elektronischen oder gedruckten Publikationen ist ohne ausdr\u00fcckliche Zustimmung des Autors nicht gestattet.<\/p>\n<h5>Datenschutz<\/h5>\n<p>Sofern innerhalb des Internetangebotes die M\u00f6glichkeit zur Eingabe pers\u00f6nlicher oder gesch\u00e4ftlicher Daten (Emailadressen, Namen, Anschriften) besteht, so erfolgt die Preisgabe dieser Daten seitens des Nutzers auf ausdr\u00fccklich freiwilliger Basis. Die Inanspruchnahme und Bezahlung aller angebotenen Dienste ist &#8211; soweit technisch m\u00f6glich und zumutbar &#8211; auch ohne Angabe solcher Daten bzw. unter Angabe anonymisierter Daten oder eines Pseudonyms gestattet. Die Nutzung der im Rahmen des Impressums oder vergleichbarer Angaben ver\u00f6ffentlichten Kontaktdaten wie Postanschriften, Telefon- und Faxnummern sowie Emailadressen durch Dritte zur \u00dcbersendung von nicht ausdr\u00fccklich angeforderten Informationen ist nicht gestattet. Rechtliche Schritte gegen die Versender von sogenannten Spam-Mails bei Verst\u00f6\u00dfen gegen dieses Verbot sind ausdr\u00fccklich vorbehalten.<\/p>\n<h5>Externe Links<\/h5>\n<p>Bei Aufnahme der hier angegebenen Links in die Liste bestand kein Anlass, sich in irgendeiner Form von den Inhalten der gelinkten Seiten und Unterseiten distanzieren zu m\u00fcssen. Nat\u00fcrlich k\u00f6nnen die gelinkten Seiten und Unterseiten nicht permanent auf die Vertrauensw\u00fcrdigkeit ihres Inhalts hin von mir \u00fcberpr\u00fcft werden. F\u00fcr den Fall, dass auf den entsprechenden Seiten und\/oder Unterseiten fragw\u00fcrdige Inhalte auftauchen sollten, bitte ich darum, mich dar\u00fcber zu informieren, dann wird der betroffene Link umgehend aus meiner Linkliste gel\u00f6scht.<\/p>\n<h5>Rechtswirksamkeit<\/h5>\n<p>Dieser Haftungsausschluss ist als Teil des Internetangebotes zu betrachten, von dem aus auf diese Seite verwiesen wurde. Sofern Teile oder einzelne Formulierungen dieses Textes der geltenden Rechtslage nicht, nicht mehr oder nicht vollst\u00e4ndig entsprechen sollten, bleiben die \u00fcbrigen Teile des Dokumentes in ihrem Inhalt und ihrer G\u00fcltigkeit davon unber\u00fchrt.<\/p>\n<h1>Datenschutzerkl\u00e4rung<\/h1>\n<p><p>In dieser Datenschutzerkl\u00e4rung informieren wir Sie \u00fcber die Verarbeitung Ihrer personenbezogenen Daten.<\/p>\n<p> Sofern Sie Ihre Datenschutzeinstellungen \u00e4ndern m\u00f6chten (Einwilligungen erteilen oder bereits erteilte Einwilligungen widerrufen), klicken Sie <a target=\"_blank\" href=\"#\" class=\"sp-dsgvo-show-privacy-popup\">hier<\/a> um Ihre Einstellungen zu \u00e4ndern.<\/p>\n<h2>Verantwortlich<\/h2>\n<p>, , ,  , Deutschland, <\/p>\n<h2>Widerspruchsrecht<\/h2>\n<p><p>Sofern die Verarbeitung Ihrer personenbezogenen Daten auf Grundlage des berechtigten Interesses erfolgt, haben Sie das Recht gegen diese Verarbeitung zu widersprechen.<\/p>\n<p>Sofern keine zwingenden schutzw\u00fcrdigen Gr\u00fcnde f\u00fcr die Verarbeitung unsererseits vorliegen, wird die Verarbeitung Ihrer Daten auf Basis dieser Rechtsgrundlage eingestellt.<\/p>\n<p>Zudem haben Sie das Recht, der Verarbeitung Ihrer personenbezogenen Daten zum Zweck der Direktwerbung zu widersprechen. Im Fall des Widerspruchs werden Ihre personenbezogenen Daten nicht mehr zum Zweck der Direktwerbung verarbeitet.<\/p>\n<p>Die Rechtm\u00e4\u00dfigkeit der bis zum Widerspruch verarbeiteten Daten wird durch den Widerspruch nicht ber\u00fchrt.<\/p>\n<\/p>\n<h2>Widerrufsrecht<\/h2>\n<p><p>Sie haben das Recht eine bereits erteilte Einwilligung jederzeit zu widerrufen, indem Sie die <a target=\"_blank\" class=\"lwb-ppsp\" href=\"#\" title=\"Datenschutzeinstellungen\">Datenschutzeinstellungen<\/a> \u00e4ndern.<\/p>\n<p>Im Fall der Einwilligung in den Erhalt elektronischer Werbung kann der Widerruf Ihrer Einwilligung durch Klick auf den Abmeldelink erfolgen. In diesem Fall wird eine Verarbeitung, sofern keine andere Rechtsgrundlage besteht, eingestellt.<\/p>\n<p>Die Rechtm\u00e4\u00dfigkeit der bis zum Widerruf verarbeiteten Daten wird durch den Widerruf nicht ber\u00fchrt.<\/p>\n<\/p>\n<h2>Betroffenenrechte<\/h2>\n<p><p>Sie haben zudem das Recht auf Auskunft, Berichtigung, L\u00f6schung und Einschr\u00e4nkung der Verarbeitung der personenbezogenen Daten.<\/p>\n<p>Soweit die Rechtsgrundlage der Verarbeitung Ihrer personenbezogenen Daten in Ihrer Einwilligung oder in einem mit Ihnen abgeschlossenen Vertrag besteht, haben Sie \u00fcberdies das Recht auf Daten\u00fcbertragbarkeit. <\/p>\n<p>Weiters haben Sie das Recht auf Beschwerde bei der Aufsichtsbeh\u00f6rde. N\u00e4here Informationen zu den Aufsichtsbeh\u00f6rden in der Europ\u00e4ischen Union finden Sie <a target=\"_blank\" href=\"https:\/\/ec.europa.eu\/justice\/article-29\/structure\/data-protection-authorities\/index_en.htm\" title=\"Datenschutzbeh\u00f6rden\">hier<\/a>.<\/p><\/p>\n\n<hr \/>\n<p>Der Friesenhof Herrmann bezieht Zahlungen f\u00fcr aus naturbedingten oder anderen spezifischen Gr\u00fcnden benachteiligte Gebiete.<\/p>\n<p><img loading=\"lazy\" decoding=\"async\" class=\"wp-image-4988 aligncenter\" src=\"https:\/\/friesenhof-herrmann.de\/wp-content\/uploads\/2025\/08\/Foerderschild-AZL-300x212.png\" alt=\"\" width=\"498\" height=\"352\" srcset=\"https:\/\/friesenhof-herrmann.de\/wp-content\/uploads\/2025\/08\/Foerderschild-AZL-300x212.png 300w, https:\/\/friesenhof-herrmann.de\/wp-content\/uploads\/2025\/08\/Foerderschild-AZL-768x543.png 768w, https:\/\/friesenhof-herrmann.de\/wp-content\/uploads\/2025\/08\/Foerderschild-AZL.png 842w\" sizes=\"auto, (max-width: 498px) 100vw, 498px\" \/><\/p>\n<p>Mit der Umsetzung des Vorhabens &#8222;Zahlungen f\u00fcr aus naturbedingten oder anderen spezifischen Gr\u00fcnden benachteiligte Gebiete&#8220; konnte ein Beitrag zur dauerhaften Bewirtschaftung benachteiligter landwirtschaftlicher Fl\u00e4chen und somit zum Erhalt der s\u00e4chsischen Kulturlandschaft geleistet werden. Somit konnte zur weiteren Stabilisierung der Landwirtschaftsbetriebe in den betroffenen Regionen beigetragen werden und Arbeitspl\u00e4tze in der Landwirtschaft sowie im vor- und nachgelagerten Bereich gesichert werden.<\/p>\n<p><img loading=\"lazy\" decoding=\"async\" class=\" wp-image-4989 aligncenter\" src=\"https:\/\/friesenhof-herrmann.de\/wp-content\/uploads\/2025\/08\/Foerderschild-AUK-300x214.jpg\" alt=\"\" width=\"509\" height=\"363\" srcset=\"https:\/\/friesenhof-herrmann.de\/wp-content\/uploads\/2025\/08\/Foerderschild-AUK-300x214.jpg 300w, https:\/\/friesenhof-herrmann.de\/wp-content\/uploads\/2025\/08\/Foerderschild-AUK-1024x730.jpg 1024w, https:\/\/friesenhof-herrmann.de\/wp-content\/uploads\/2025\/08\/Foerderschild-AUK-768x547.jpg 768w, https:\/\/friesenhof-herrmann.de\/wp-content\/uploads\/2025\/08\/Foerderschild-AUK-1536x1095.jpg 1536w, https:\/\/friesenhof-herrmann.de\/wp-content\/uploads\/2025\/08\/Foerderschild-AUK-2048x1460.jpg 2048w\" sizes=\"auto, (max-width: 509px) 100vw, 509px\" \/><\/p>\n","protected":false},"excerpt":{"rendered":"<p>Impressum Sie befinden sich auf der Website des Friesenhofs Herrmann Inh.\u00a0Kathrin Herrmann Sorgauer Dorfstra\u00dfe 19 09496 Marienberg OT Sorgau Telefon: 037363 &#8211; 18670 E-Mail:\u00a0friesenhof-herrmann@t-online.de Konzept \/ Design \/ Programmierung Norbert Herrmann Inhalt des Onlineangebotes Der Autor \u00fcbernimmt keinerlei Gew\u00e4hr f\u00fcr die Aktualit\u00e4t, Korrektheit, Vollst\u00e4ndigkeit oder Qualit\u00e4t der bereitgestellten Informationen. Haftungsanspr\u00fcche gegen den Autor, welche sich [&hellip;]<\/p>\n","protected":false},"author":1,"featured_media":0,"parent":0,"menu_order":0,"comment_status":"closed","ping_status":"closed","template":"","meta":{"footnotes":""},"class_list":["post-1051","page","type-page","status-publish","hentry"],"_links":{"self":[{"href":"https:\/\/friesenhof-herrmann.de\/index.php?rest_route=\/wp\/v2\/pages\/1051","targetHints":{"allow":["GET"]}}],"collection":[{"href":"https:\/\/friesenhof-herrmann.de\/index.php?rest_route=\/wp\/v2\/pages"}],"about":[{"href":"https:\/\/friesenhof-herrmann.de\/index.php?rest_route=\/wp\/v2\/types\/page"}],"author":[{"embeddable":true,"href":"https:\/\/friesenhof-herrmann.de\/index.php?rest_route=\/wp\/v2\/users\/1"}],"replies":[{"embeddable":true,"href":"https:\/\/friesenhof-herrmann.de\/index.php?rest_route=%2Fwp%2Fv2%2Fcomments&post=1051"}],"version-history":[{"count":0,"href":"https:\/\/friesenhof-herrmann.de\/index.php?rest_route=\/wp\/v2\/pages\/1051\/revisions"}],"wp:attachment":[{"href":"https:\/\/friesenhof-herrmann.de\/index.php?rest_route=%2Fwp%2Fv2%2Fmedia&parent=1051"}],"curies":[{"name":"wp","href":"https:\/\/api.w.org\/{rel}","templated":true}]}}