{"id":1049,"date":"2013-12-21T01:26:39","date_gmt":"2013-12-20T23:26:39","guid":{"rendered":"http:\/\/friesenhof-herrmann.de\/?page_id=1049"},"modified":"2023-10-26T14:40:25","modified_gmt":"2023-10-26T12:40:25","slug":"links","status":"publish","type":"page","link":"https:\/\/friesenhof-herrmann.de\/?page_id=1049","title":{"rendered":"Links"},"content":{"rendered":"<div data-colibri-id=\"1049-c1\" class=\"style-852 style-local-1049-c1 position-relative\">\n  <!---->\n  <div data-colibri-component=\"section\" data-colibri-id=\"1049-c2\" id=\"overlappable-2\" class=\"h-section h-section-global-spacing d-flex align-items-lg-center align-items-md-center align-items-center style-933 style-local-1049-c2 position-relative\">\n    <!---->\n    <!---->\n    <div class=\"h-section-grid-container h-section-boxed-container\">\n      <!---->\n      <div data-colibri-id=\"1049-c3\" class=\"h-row-container gutters-row-lg-0 gutters-row-md-0 gutters-row-2 gutters-row-v-lg-0 gutters-row-v-md-0 gutters-row-v-2 style-934 style-local-1049-c3 position-relative\">\n        <!---->\n        <div class=\"h-row justify-content-lg-center justify-content-md-center justify-content-center align-items-lg-stretch align-items-md-stretch align-items-stretch gutters-col-lg-0 gutters-col-md-0 gutters-col-2 gutters-col-v-lg-0 gutters-col-v-md-0 gutters-col-v-2\">\n          <!---->\n          <div class=\"h-column h-column-container d-flex h-col-lg-4 h-col-md-4 h-col-12 style-935-outer style-local-1049-c4-outer\">\n            <div data-colibri-id=\"1049-c4\" class=\"d-flex h-flex-basis h-column__inner h-px-lg-3 h-px-md-3 h-px-2 v-inner-lg-3 v-inner-md-3 v-inner-2 style-935 style-local-1049-c4 position-relative\">\n              <!---->\n              <!---->\n              <div class=\"w-100 h-y-container h-column__content h-column__v-align flex-basis-100 align-self-lg-center align-self-md-center align-self-center\">\n                <!---->\n                <div data-colibri-id=\"1049-c5\" class=\"d-block style-944 style-local-1049-c5 position-relative h-element\">\n                  <!---->\n                  <div class=\"h-image__frame-container-outer\">\n                    <a href=\"http:\/\/mein-dfz.de\/\" h-use-smooth-scroll=\"true\" class=\"image-link\">\n                      <div class=\"h-image__frame-container\">\n                        <!---->\n                        <!---->\n                        <img loading=\"lazy\" decoding=\"async\" width=\"299\" height=\"120\" src=\"https:\/\/friesenhof-herrmann.de\/wp-content\/uploads\/2016\/05\/unnamed.png\" class=\"wp-image-1545 style-944-image style-local-1049-c5-image\" alt=\"\" \/>\n                        <div class=\"h-image__frame h-hide-lg h-hide-md h-hide-sm style-944-frameImage style-local-1049-c5-frameImage\"><\/div>\n                      <\/div>\n                    <\/a>\n                  <\/div>\n                <\/div>\n              <\/div>\n            <\/div>\n          <\/div>\n          <div class=\"h-column h-column-container d-flex h-col-lg-4 h-col-md-4 h-col-12 style-935-outer style-local-1049-c6-outer\">\n            <div data-colibri-id=\"1049-c6\" class=\"d-flex h-flex-basis h-column__inner h-px-lg-3 h-px-md-3 h-px-2 v-inner-lg-3 v-inner-md-3 v-inner-2 style-935 style-local-1049-c6 position-relative\">\n              <!---->\n              <!---->\n              <div class=\"w-100 h-y-container h-column__content h-column__v-align flex-basis-100 align-self-lg-center align-self-md-center align-self-center\">\n                <!---->\n                <div data-colibri-id=\"1049-c7\" class=\"d-block style-948 style-local-1049-c7 position-relative h-element\">\n                  <!---->\n                  <div class=\"h-image__frame-container-outer\">\n                    <a href=\"http:\/\/www.friesenlovecoach.ch\/\" h-use-smooth-scroll=\"true\" class=\"image-link\">\n                      <div class=\"h-image__frame-container\">\n                        <!---->\n                        <!---->\n                        <img loading=\"lazy\" decoding=\"async\" width=\"482\" height=\"74\" src=\"https:\/\/friesenhof-herrmann.de\/wp-content\/uploads\/2016\/10\/banner_flc_2013.jpg\" class=\"wp-image-1912 style-948-image style-local-1049-c7-image\" alt=\"\" srcset=\"https:\/\/friesenhof-herrmann.de\/wp-content\/uploads\/2016\/10\/banner_flc_2013.jpg 482w, https:\/\/friesenhof-herrmann.de\/wp-content\/uploads\/2016\/10\/banner_flc_2013-300x46.jpg 300w\" sizes=\"auto, (max-width: 482px) 100vw, 482px\" \/>\n                        <div class=\"h-image__frame h-hide-lg h-hide-md h-hide-sm style-948-frameImage style-local-1049-c7-frameImage\"><\/div>\n                      <\/div>\n                    <\/a>\n                  <\/div>\n                <\/div>\n              <\/div>\n            <\/div>\n          <\/div>\n          <div class=\"h-column h-column-container d-flex h-col-lg-4 h-col-md-4 h-col-12 style-935-outer style-local-1049-c8-outer\">\n            <div data-colibri-id=\"1049-c8\" class=\"d-flex h-flex-basis h-column__inner h-px-lg-3 h-px-md-3 h-px-2 v-inner-lg-3 v-inner-md-3 v-inner-2 style-935 style-local-1049-c8 position-relative\">\n              <!---->\n              <!---->\n              <div class=\"w-100 h-y-container h-column__content h-column__v-align flex-basis-100 align-self-lg-center align-self-md-center align-self-center\">\n                <!---->\n                <div data-colibri-id=\"1049-c9\" class=\"d-block style-946 style-local-1049-c9 position-relative h-element\">\n                  <!---->\n                  <div class=\"h-image__frame-container-outer\">\n                    <a href=\"http:\/\/www.friesenwiki.de\/\" h-use-smooth-scroll=\"true\" class=\"image-link\">\n                      <div class=\"h-image__frame-container\">\n                        <!---->\n                        <!---->\n                        <img loading=\"lazy\" decoding=\"async\" width=\"713\" height=\"262\" src=\"https:\/\/friesenhof-herrmann.de\/wp-content\/uploads\/2016\/10\/Krone.png\" class=\"wp-image-1916 style-946-image style-local-1049-c9-image\" alt=\"\" srcset=\"https:\/\/friesenhof-herrmann.de\/wp-content\/uploads\/2016\/10\/Krone.png 713w, https:\/\/friesenhof-herrmann.de\/wp-content\/uploads\/2016\/10\/Krone-600x220.png 600w, https:\/\/friesenhof-herrmann.de\/wp-content\/uploads\/2016\/10\/Krone-300x110.png 300w\" sizes=\"auto, (max-width: 713px) 100vw, 713px\" \/>\n                        <div class=\"h-image__frame h-hide-lg h-hide-md h-hide-sm style-946-frameImage style-local-1049-c9-frameImage\"><\/div>\n                      <\/div>\n                    <\/a>\n                  <\/div>\n                <\/div>\n              <\/div>\n            <\/div>\n          <\/div>\n        <\/div>\n      <\/div>\n    <\/div>\n  <\/div>\n  <div data-colibri-component=\"section\" data-colibri-id=\"1049-c14\" id=\"overlappable\" class=\"h-section h-section-global-spacing d-flex align-items-lg-center align-items-md-center align-items-center style-925 style-local-1049-c14 position-relative\">\n    <!---->\n    <!---->\n    <div class=\"h-section-grid-container h-section-boxed-container\">\n      <!---->\n      <div data-colibri-id=\"1049-c15\" class=\"h-row-container gutters-row-lg-0 gutters-row-md-0 gutters-row-2 gutters-row-v-lg-0 gutters-row-v-md-0 gutters-row-v-2 style-926 style-local-1049-c15 position-relative\">\n        <!---->\n        <div class=\"h-row justify-content-lg-center justify-content-md-center justify-content-center align-items-lg-stretch align-items-md-stretch align-items-stretch gutters-col-lg-0 gutters-col-md-0 gutters-col-2 gutters-col-v-lg-0 gutters-col-v-md-0 gutters-col-v-2\">\n          <!---->\n          <div class=\"h-column h-column-container d-flex h-col-lg-4 h-col-md-4 h-col-12 style-927-outer style-local-1049-c16-outer\">\n            <div data-colibri-id=\"1049-c16\" class=\"d-flex h-flex-basis h-column__inner h-px-lg-3 h-px-md-3 h-px-2 v-inner-lg-3 v-inner-md-3 v-inner-2 style-927 style-local-1049-c16 position-relative\">\n              <!---->\n              <!---->\n              <div class=\"w-100 h-y-container h-column__content h-column__v-align flex-basis-100 align-self-lg-center align-self-md-center align-self-center\">\n                <!---->\n                <div data-colibri-id=\"1049-c17\" class=\"d-block style-947 style-local-1049-c17 position-relative h-element\">\n                  <!---->\n                  <div class=\"h-image__frame-container-outer\">\n                    <a href=\"http:\/\/www.fps-hengste.de\/\" h-use-smooth-scroll=\"true\" class=\"image-link\">\n                      <div class=\"h-image__frame-container\">\n                        <!---->\n                        <!---->\n                        <img loading=\"lazy\" decoding=\"async\" width=\"375\" height=\"250\" src=\"https:\/\/friesenhof-herrmann.de\/wp-content\/uploads\/2016\/10\/unnamed.jpg\" class=\"wp-image-1918 style-947-image style-local-1049-c17-image\" alt=\"\" srcset=\"https:\/\/friesenhof-herrmann.de\/wp-content\/uploads\/2016\/10\/unnamed.jpg 375w, https:\/\/friesenhof-herrmann.de\/wp-content\/uploads\/2016\/10\/unnamed-300x200.jpg 300w\" sizes=\"auto, (max-width: 375px) 100vw, 375px\" \/>\n                        <div class=\"h-image__frame h-hide-lg h-hide-md h-hide-sm style-947-frameImage style-local-1049-c17-frameImage\"><\/div>\n                      <\/div>\n                    <\/a>\n                  <\/div>\n                <\/div>\n              <\/div>\n            <\/div>\n          <\/div>\n          <div class=\"h-column h-column-container d-flex h-col-lg-4 h-col-md-4 h-col-12 style-927-outer style-local-1049-c18-outer\">\n            <div data-colibri-id=\"1049-c18\" class=\"d-flex h-flex-basis h-column__inner h-px-lg-3 h-px-md-3 h-px-2 v-inner-lg-3 v-inner-md-3 v-inner-2 style-927 style-local-1049-c18 position-relative\">\n              <!---->\n              <!---->\n              <div class=\"w-100 h-y-container h-column__content h-column__v-align flex-basis-100 align-self-lg-center align-self-md-center align-self-center\">\n                <!---->\n                <div data-colibri-id=\"1049-c19\" class=\"h-text h-text-component style-949 style-local-1049-c19 position-relative h-element\">\n                  <!---->\n                  <!---->\n                  <div class=\"\">\n                    <p><span style=\"font-weight: 400; font-size: 16px; font-family: &quot;Open Sans&quot;; color: rgb(70, 112, 127);\">Disclaimer: Die Links, die wir zu anderen Seiten gesetzt haben, m\u00f6chten wir unseren Besuchern empfehlen und uns daher nicht von ihnen distanzieren! Es kann allerdings passieren, dass sich verlinkte Websites ohne unser Wissen ver\u00e4ndern. Da es aber nicht zumutbar ist, dass wir die Inhalte aller verlinkten Seiten st\u00e4ndig kontrollieren, wissen wir nicht, ob es auf bestimmten Seiten rechtlich relevante \u00c4nderungen gegeben hat. Wir sind daher auf Ihre Mithilfe angewiesen: Falls Sie einen Link entdecken, der rechtlich problematisch sein k\u00f6nnte, so verst\u00e4ndigen Sie uns bitte, damit wir diesen Link umgehend entfernen k\u00f6nnen.<\/span><\/p>\n                  <\/div>\n                <\/div>\n              <\/div>\n            <\/div>\n          <\/div>\n          <div class=\"h-column h-column-container d-flex h-col-lg-4 h-col-md-4 h-col-12 style-927-outer style-local-1049-c20-outer\">\n            <div data-colibri-id=\"1049-c20\" class=\"d-flex h-flex-basis h-column__inner h-px-lg-3 h-px-md-3 h-px-2 v-inner-lg-3 v-inner-md-3 v-inner-2 style-927 style-local-1049-c20 position-relative\">\n              <!---->\n              <!---->\n              <div class=\"w-100 h-y-container h-column__content h-column__v-align flex-basis-100 align-self-lg-center align-self-md-center align-self-center\">\n                <!---->\n                <div data-colibri-id=\"1049-c21\" class=\"d-block style-945 style-local-1049-c21 position-relative h-element\">\n                  <!---->\n                  <div class=\"h-image__frame-container-outer\">\n                    <a href=\"https:\/\/www.kfps.nl\/\" h-use-smooth-scroll=\"true\" class=\"image-link\">\n                      <div class=\"h-image__frame-container\">\n                        <!---->\n                        <!---->\n                        <img loading=\"lazy\" decoding=\"async\" width=\"300\" height=\"159\" src=\"https:\/\/friesenhof-herrmann.de\/wp-content\/uploads\/2016\/05\/unnamed.jpg\" class=\"wp-image-1543 style-945-image style-local-1049-c21-image\" alt=\"\" \/>\n                        <div class=\"h-image__frame h-hide-lg h-hide-md h-hide-sm style-945-frameImage style-local-1049-c21-frameImage\"><\/div>\n                      <\/div>\n                    <\/a>\n                  <\/div>\n                <\/div>\n              <\/div>\n            <\/div>\n          <\/div>\n        <\/div>\n      <\/div>\n    <\/div>\n  <\/div>\n<\/div>","protected":false},"excerpt":{"rendered":"<p>Disclaimer: Die Links, die wir zu anderen Seiten gesetzt haben, m\u00f6chten wir unseren Besuchern empfehlen und uns daher nicht von ihnen distanzieren! Es kann allerdings passieren, dass sich verlinkte Websites ohne unser Wissen ver\u00e4ndern. Da es aber nicht zumutbar ist, dass wir die Inhalte aller verlinkten Seiten st\u00e4ndig kontrollieren, wissen wir nicht, ob es auf [&hellip;]<\/p>\n","protected":false},"author":1,"featured_media":0,"parent":0,"menu_order":0,"comment_status":"closed","ping_status":"closed","template":"page-templates\/full-width-page.php","meta":{"footnotes":""},"class_list":["post-1049","page","type-page","status-publish","hentry"],"_links":{"self":[{"href":"https:\/\/friesenhof-herrmann.de\/index.php?rest_route=\/wp\/v2\/pages\/1049","targetHints":{"allow":["GET"]}}],"collection":[{"href":"https:\/\/friesenhof-herrmann.de\/index.php?rest_route=\/wp\/v2\/pages"}],"about":[{"href":"https:\/\/friesenhof-herrmann.de\/index.php?rest_route=\/wp\/v2\/types\/page"}],"author":[{"embeddable":true,"href":"https:\/\/friesenhof-herrmann.de\/index.php?rest_route=\/wp\/v2\/users\/1"}],"replies":[{"embeddable":true,"href":"https:\/\/friesenhof-herrmann.de\/index.php?rest_route=%2Fwp%2Fv2%2Fcomments&post=1049"}],"version-history":[{"count":20,"href":"https:\/\/friesenhof-herrmann.de\/index.php?rest_route=\/wp\/v2\/pages\/1049\/revisions"}],"predecessor-version":[{"id":4595,"href":"https:\/\/friesenhof-herrmann.de\/index.php?rest_route=\/wp\/v2\/pages\/1049\/revisions\/4595"}],"wp:attachment":[{"href":"https:\/\/friesenhof-herrmann.de\/index.php?rest_route=%2Fwp%2Fv2%2Fmedia&parent=1049"}],"curies":[{"name":"wp","href":"https:\/\/api.w.org\/{rel}","templated":true}]}}